{"id":8929,"date":"2018-12-10T03:06:47","date_gmt":"2018-12-10T00:06:47","guid":{"rendered":"https:\/\/lycianwayturkey.com\/about-us\/"},"modified":"2025-03-06T16:36:16","modified_gmt":"2025-03-06T13:36:16","slug":"hakkimizda","status":"publish","type":"page","link":"https:\/\/lycianwayturkey.com\/tr\/hakkimizda\/","title":{"rendered":"Hakk\u0131m\u0131zda"},"content":{"rendered":"<div class=\"wpb-content-wrapper\"><p>[vc_row][vc_column][vc_empty_space height=&#8221;60px&#8221;][\/vc_column][\/vc_row][vc_row][vc_column width=&#8221;1\/2&#8243;][vc_single_image image=&#8221;8506&#8243; img_size=&#8221;full&#8221; alignment=&#8221;center&#8221; css_animation=&#8221;none&#8221; css=&#8221;&#8221;][vc_column_text css=&#8221;&#8221; el_class=&#8221;st-aboutus-title&#8221;]<\/p>\n<h3>Biz Kimiz<\/h3>\n<p>[\/vc_column_text][vc_column_text css=&#8221;&#8221; el_class=&#8221;st-aboutus-content&#8221;]Ofisimiz Antalya ili, Ka\u015f il\u00e7esinde yer al\u0131yor. Likya Yolu y\u00fcr\u00fcy\u00fc\u015f turlar\u0131nda uzman bir acentay\u0131z. Acentam\u0131z T\u00fcrsab (T\u00fcrkiye Seyahat Acentalar\u0131 Birli\u011fi) \u00fcyesi ve T.C Turizm Bakanl\u0131\u011f\u0131 belgelidir. Ekibimiz tecr\u00fcbeli, insan ili\u015fkileri kuvvetli ve \u00e7\u00f6z\u00fcm odakl\u0131d\u0131rlar. Likya Yolu y\u00fcr\u00fcy\u00fc\u015f turlar\u0131nda yerli ve yabanc\u0131 misafirlerimize 2010 y\u0131l\u0131ndan beri hizmet veriyoruz.[\/vc_column_text][vc_empty_space height=&#8221;30px&#8221;][\/vc_column][vc_column width=&#8221;1\/2&#8243;][vc_single_image image=&#8221;8508&#8243; img_size=&#8221;full&#8221; alignment=&#8221;center&#8221; css_animation=&#8221;none&#8221; css=&#8221;&#8221;][vc_column_text css=&#8221;&#8221; el_class=&#8221;st-aboutus-title&#8221;]<\/p>\n<h3>Misyonumuz<\/h3>\n<p>[\/vc_column_text][vc_column_text css=&#8221;&#8221; el_class=&#8221;st-aboutus-content&#8221;]Do\u011fa sever ve maceraperest bir ekiple \u00e7al\u0131\u015f\u0131yoruz. S\u00fcrd\u00fcr\u00fclebilir turizm kapsam\u0131nda yapt\u0131\u011f\u0131m\u0131z do\u011fa y\u00fcr\u00fcy\u00fc\u015f turlar\u0131 ve deniz kanosu gibi outdoor aktivitelerin daha bilinir olmas\u0131 i\u00e7in \u00e7al\u0131\u015f\u0131yoruz. Kitlesel turizmden ba\u015fka bir turizm \u00e7e\u015fitlili\u011finin oldu\u011funu g\u00f6stermek ve hizmetimizi artan bir ivme ile s\u00fcrd\u00fcrmeyi hedefliyoruz.[\/vc_column_text][vc_empty_space height=&#8221;30px&#8221;][\/vc_column][\/vc_row][vc_row][vc_column][vc_empty_space height=&#8221;20px&#8221;]<div class=\"st-list-statistic\"><div class=\"row\">            <div class=\"col-md-3 col-sm-6\">\r\n                <div class=\"item-wrapper\">\r\n                    <div class=\"item\">\r\n                        <div class=\"front\">\r\n                            <div class=\"inner\">\r\n                                <h4>15+<\/h4>\r\n                                <p class=\"sub-text\">Y\u0131ll\u0131k Deneyim<\/p>\r\n                            <\/div>\r\n                        <\/div>\r\n                        <div class=\"end\">\r\n                            <p class=\"desc\">2010 y\u0131l\u0131ndan itibaren s\u00fcrd\u00fcrd\u00fc\u011f\u00fcm\u00fcz hizmet ile t\u00fcm misafirlerimizin memnuniyetle u\u011furlamaktan gurur duyuyoruz.<\/p>\r\n                        <\/div>\r\n                    <\/div>\r\n                <\/div>\r\n            <\/div>\r\n                        <div class=\"col-md-3 col-sm-6\">\r\n                <div class=\"item-wrapper\">\r\n                    <div class=\"item\">\r\n                        <div class=\"front\">\r\n                            <div class=\"inner\">\r\n                                <h4>H\u0131zl\u0131<\/h4>\r\n                                <p class=\"sub-text\">Geri d\u00f6n\u00fc\u015f<\/p>\r\n                            <\/div>\r\n                        <\/div>\r\n                        <div class=\"end\">\r\n                            <p class=\"desc\">Ekibimiz her zaman online. Soru ve isteklerinize an\u0131nda d\u00f6n\u00fc\u015f yap\u0131yoruz. Bizlere ula\u015fmak \u00e7ok basit.<\/p>\r\n                        <\/div>\r\n                    <\/div>\r\n                <\/div>\r\n            <\/div>\r\n                        <div class=\"col-md-3 col-sm-6\">\r\n                <div class=\"item-wrapper\">\r\n                    <div class=\"item\">\r\n                        <div class=\"front\">\r\n                            <div class=\"inner\">\r\n                                <h4>S\u00fcrd\u00fcr\u00fclebilir<\/h4>\r\n                                <p class=\"sub-text\">Turizm<\/p>\r\n                            <\/div>\r\n                        <\/div>\r\n                        <div class=\"end\">\r\n                            <p class=\"desc\">S\u00fcrd\u00fcr\u00fclebilir turizm kapsam\u0131nda yerli aile i\u015fletmelerini destekliyoruz. Do\u011fa dostu i\u015fletmelere destek veriyoruz.<\/p>\r\n                        <\/div>\r\n                    <\/div>\r\n                <\/div>\r\n            <\/div>\r\n                        <div class=\"col-md-3 col-sm-6\">\r\n                <div class=\"item-wrapper\">\r\n                    <div class=\"item\">\r\n                        <div class=\"front\">\r\n                            <div class=\"inner\">\r\n                                <h4>Yasal<\/h4>\r\n                                <p class=\"sub-text\">Seyahat Acentas\u0131<\/p>\r\n                            <\/div>\r\n                        <\/div>\r\n                        <div class=\"end\">\r\n                            <p class=\"desc\">T\u00fcrsab \u00fcyesi, TC Turizm Bakanl\u0131\u011f\u0131 belgeli &quot;A&quot; s\u0131n\u0131f\u0131 bir seyahat acentas\u0131y\u0131z. Likya Yolu y\u00fcr\u00fcy\u00fc\u015f turu tatilinizi emin ellerde.<\/p>\r\n                        <\/div>\r\n                    <\/div>\r\n                <\/div>\r\n            <\/div>\r\n            <\/div><\/div>[vc_empty_space height=&#8221;65px&#8221;]<div class=\"st-aboutus-info\">\r\n        <p class=\"message\">\"Turizmde g\u00fcven, hem gezginler hem de ev sahipleri i\u00e7in b\u00fcy\u00fck \u00f6nem ta\u015f\u0131r. G\u00fcvenilir bir turizm deneyimi, unutulmaz an\u0131lar\u0131n anahtar\u0131d\u0131r.\"<\/p>\r\n        <img decoding=\"async\" src=\"https:\/\/lycianwayturkey.com\/wp-content\/uploads\/600x400-3.png\" alt=\"Hakk\u0131m\u0131zda\"\/>            <p class=\"name\">A\u015eKIN CO\u015eGUN<\/p>\r\n                <p class=\"pos\">Kurucu<\/p>\r\n    <\/div>[vc_empty_space height=&#8221;65px&#8221;][\/vc_column][\/vc_row]<\/p>\n<\/div>","protected":false},"excerpt":{"rendered":"<p>[vc_row][vc_column][vc_empty_space height=&#8221;60px&#8221;][\/vc_column][\/vc_row][vc_row][vc_column width=&#8221;1\/2&#8243;][vc_single_image image=&#8221;8506&#8243; img_size=&#8221;full&#8221; alignment=&#8221;center&#8221; css_animation=&#8221;none&#8221; css=&#8221;&#8221;][vc_column_text css=&#8221;&#8221; el_class=&#8221;st-aboutus-title&#8221;] Biz Kimiz [\/vc_column_text][vc_column_text css=&#8221;&#8221; el_class=&#8221;st-aboutus-content&#8221;]Ofisimiz Antalya ili, Ka\u015f il\u00e7esinde yer al\u0131yor. Likya Yolu y\u00fcr\u00fcy\u00fc\u015f turlar\u0131nda uzman bir acentay\u0131z. Acentam\u0131z T\u00fcrsab (T\u00fcrkiye Seyahat Acentalar\u0131 Birli\u011fi) \u00fcyesi ve T.C Turizm Bakanl\u0131\u011f\u0131 belgelidir. Ekibimiz tecr\u00fcbeli, insan ili\u015fkileri kuvvetli ve \u00e7\u00f6z\u00fcm odakl\u0131d\u0131rlar. Likya Yolu y\u00fcr\u00fcy\u00fc\u015f turlar\u0131nda yerli ve yabanc\u0131 [&hellip;]<\/p>\n","protected":false},"author":1,"featured_media":8832,"parent":0,"menu_order":0,"comment_status":"closed","ping_status":"closed","template":"template-home-modern.php","meta":{"footnotes":""},"class_list":["post-8929","page","type-page","status-publish","has-post-thumbnail","hentry"],"_links":{"self":[{"href":"https:\/\/lycianwayturkey.com\/tr\/wp-json\/wp\/v2\/pages\/8929","targetHints":{"allow":["GET"]}}],"collection":[{"href":"https:\/\/lycianwayturkey.com\/tr\/wp-json\/wp\/v2\/pages"}],"about":[{"href":"https:\/\/lycianwayturkey.com\/tr\/wp-json\/wp\/v2\/types\/page"}],"author":[{"embeddable":true,"href":"https:\/\/lycianwayturkey.com\/tr\/wp-json\/wp\/v2\/users\/1"}],"replies":[{"embeddable":true,"href":"https:\/\/lycianwayturkey.com\/tr\/wp-json\/wp\/v2\/comments?post=8929"}],"version-history":[{"count":0,"href":"https:\/\/lycianwayturkey.com\/tr\/wp-json\/wp\/v2\/pages\/8929\/revisions"}],"wp:featuredmedia":[{"embeddable":true,"href":"https:\/\/lycianwayturkey.com\/tr\/wp-json\/wp\/v2\/media\/8832"}],"wp:attachment":[{"href":"https:\/\/lycianwayturkey.com\/tr\/wp-json\/wp\/v2\/media?parent=8929"}],"curies":[{"name":"wp","href":"https:\/\/api.w.org\/{rel}","templated":true}]}}