{"id":8952,"date":"2018-11-21T15:15:00","date_gmt":"2018-11-21T12:15:00","guid":{"rendered":"https:\/\/lycianwayturkey.com\/footer-page-new\/"},"modified":"2025-12-01T17:20:26","modified_gmt":"2025-12-01T14:20:26","slug":"alt-footer","status":"publish","type":"page","link":"https:\/\/lycianwayturkey.com\/tr\/alt-footer\/","title":{"rendered":"Alt Footer"},"content":{"rendered":"<div class=\"wpb-content-wrapper\"><p>[vc_row full_width=&#8221;stretch_row&#8221; css=&#8221;.vc_custom_1739372410247{padding-top: 20px !important;padding-bottom: 20px !important;background-color: #3a86ff !important;}&#8221;][vc_column width=&#8221;1\/4&#8243;][vc_column_text css=&#8221;.vc_custom_1741268938232{margin-bottom: 20px !important;}&#8221;]YARDIM LAZIM MI?[\/vc_column_text][vc_separator color=&#8221;custom&#8221; align=&#8221;align_left&#8221; el_width=&#8221;40&#8243; accent_color=&#8221;#eaeaea&#8221;][vc_column_text css=&#8221;.vc_custom_1741269016464{border-left-width: 3px !important;padding-left: 20px !important;border-left-style: solid !important;border-color: #5191fa !important;}&#8221;]<span style=\"color: #5e6d77;\">Aray\u0131n\u0131z ya da Whatsapp\u00a0\u00a0<\/span><\/p>\n<h4>+90 532 569 67 62<\/h4>\n<p>+90 530 884 30 90[\/vc_column_text][vc_column_text css=&#8221;.vc_custom_1741269087130{margin-bottom: 0px !important;border-left-width: 3px !important;padding-left: 20px !important;border-left-style: solid !important;border-color: #5191fa !important;}&#8221;]<span style=\"color: #5e6d77;\">e-mail atmak isterseniz:<\/span><\/p>\n<p>askincosgun@gmail.com<\/p>\n<p>info@lycianwayturkey.com[\/vc_column_text][\/vc_column][vc_column width=&#8221;1\/4&#8243;][vc_column_text css=&#8221;.vc_custom_1741269109655{margin-bottom: 20px !important;}&#8221;]<\/p>\n<h4 style=\"font-size: 14px;\">\u015e\u0130RKET\u0130M\u0130Z<\/h4>\n<p>[\/vc_column_text][vc_separator color=&#8221;custom&#8221; align=&#8221;align_left&#8221; el_width=&#8221;40&#8243; accent_color=&#8221;#eaeaea&#8221;]<div class=\"widget widget_nav_menu\"><ul id=\"menu-footer-menu\" class=\"menu\"><li id=\"menu-item-9017\" class=\"menu-item menu-item-type-post_type menu-item-object-page menu-item-9017\"><a href=\"https:\/\/lycianwayturkey.com\/tr\/yasal-belgelerimiz\/\">Yasal Belgelerimiz<\/a><\/li>\n<li id=\"menu-item-9018\" class=\"menu-item menu-item-type-post_type menu-item-object-page menu-item-9018\"><a href=\"https:\/\/lycianwayturkey.com\/tr\/iletisim\/\">\u0130leti\u015fim<\/a><\/li>\n<li id=\"menu-item-9019\" class=\"menu-item menu-item-type-post_type menu-item-object-page menu-item-9019\"><a href=\"https:\/\/lycianwayturkey.com\/tr\/hakkimizda\/\">Hakk\u0131m\u0131zda<\/a><\/li>\n<li id=\"menu-item-9020\" class=\"menu-item menu-item-type-post_type menu-item-object-page menu-item-9020\"><a href=\"https:\/\/lycianwayturkey.com\/tr\/gizlilik-ve-cerezler\/\">Gizlilik ve \u00c7erezler<\/a><\/li>\n<\/ul><\/div>[\/vc_column][vc_column width=&#8221;1\/4&#8243;][vc_column_text css=&#8221;.vc_custom_1741609685395{margin-bottom: 20px !important;}&#8221;]<\/p>\n<h4 style=\"font-size: 14px;\">B\u00d6LGEN\u0130Z\u0130 SE\u00c7\u0130N\u0130Z<\/h4>\n<p>[\/vc_column_text][vc_separator color=&#8221;custom&#8221; align=&#8221;align_left&#8221; el_width=&#8221;40&#8243; accent_color=&#8221;#eaeaea&#8221;]<div class=\"widget widget_nav_menu\"><ul id=\"menu-destinations\" class=\"menu\"><li id=\"menu-item-8218\" class=\"menu-item menu-item-type-custom menu-item-object-custom menu-item-8218\"><a href=\"http:\/\/lycianwayturkey.com\/tour-search\/?location_name=Antalya&#038;location_id=8449\">Antalya<\/a><\/li>\n<li id=\"menu-item-8219\" class=\"menu-item menu-item-type-custom menu-item-object-custom menu-item-8219\"><a href=\"http:\/\/lycianwayturkey.com\/tour-search\/?location_name=Fethiye&#038;location_id=7965\">Fethiye<\/a><\/li>\n<li id=\"menu-item-8220\" class=\"menu-item menu-item-type-custom menu-item-object-custom menu-item-8220\"><a href=\"http:\/\/lycianwayturkey.com\/tour-search\/?location_name=Ka%C5%9F&#038;location_id=7970\">Ka\u015f<\/a><\/li>\n<li id=\"menu-item-8221\" class=\"menu-item menu-item-type-custom menu-item-object-custom menu-item-8221\"><a href=\"http:\/\/lycianwayturkey.com\/tour-search\/?location_name=Kalkan&#038;location_id=7967\">Kalkan<\/a><\/li>\n<\/ul><\/div>[\/vc_column][vc_column width=&#8221;1\/4&#8243;][vc_column_text css=&#8221;.vc_custom_1741609527019{margin-bottom: 20px !important;}&#8221;]<\/p>\n<h4 style=\"font-size: 14px;\">Dil ve Para Birimi<\/h4>\n<p>[\/vc_column_text][vc_separator color=&#8221;custom&#8221; align=&#8221;align_left&#8221; el_width=&#8221;40&#8243; accent_color=&#8221;#eaeaea&#8221;]    <div class=\"form-group\">\r\n        <label class=\"block f14 c-grey font-normal\">Languages<\/label>\r\n        <select name=\"language\" class=\" f14 select2-languages\">\r\n                            <option value=\"English\"                         data-target=\"https:\/\/lycianwayturkey.com\/\">English<\/option>\r\n                                <option value=\"T\u00fcrk\u00e7e\" selected                        data-target=\"https:\/\/lycianwayturkey.com\/tr\/\">T\u00fcrk\u00e7e<\/option>\r\n                        <\/select>\r\n    <\/div>\r\n    <div class=\"form-group mt30\">\r\n    <label class=\"block f14 c-grey font-normal\">Currencies<\/label>\r\n    <select name=\"currency\" class=\" f14 select2-currencies\">\r\n                        <option  selected='selected'                        value=\"TRY\"\r\n                        data-target=\"\/tr\/wp-json\/wp\/v2\/pages\/8952?currency=TRY\">TRY<\/option>\r\n                    <\/select>\r\n<\/div>\r\n[\/vc_column][\/vc_row]<\/p>\n<\/div>","protected":false},"excerpt":{"rendered":"<p>[vc_row full_width=&#8221;stretch_row&#8221; css=&#8221;.vc_custom_1739372410247{padding-top: 20px !important;padding-bottom: 20px !important;background-color: #3a86ff !important;}&#8221;][vc_column width=&#8221;1\/4&#8243;][vc_column_text css=&#8221;.vc_custom_1741268938232{margin-bottom: 20px !important;}&#8221;]YARDIM LAZIM MI?[\/vc_column_text][vc_separator color=&#8221;custom&#8221; align=&#8221;align_left&#8221; el_width=&#8221;40&#8243; accent_color=&#8221;#eaeaea&#8221;][vc_column_text css=&#8221;.vc_custom_1741269016464{border-left-width: 3px !important;padding-left: 20px !important;border-left-style: solid !important;border-color: #5191fa !important;}&#8221;]Aray\u0131n\u0131z ya da Whatsapp\u00a0\u00a0 +90 532 569 67 62 +90 530 884 30 90[\/vc_column_text][vc_column_text css=&#8221;.vc_custom_1741269087130{margin-bottom: 0px !important;border-left-width: 3px !important;padding-left: 20px !important;border-left-style: solid !important;border-color: #5191fa !important;}&#8221;]e-mail atmak isterseniz: askincosgun@gmail.com [&hellip;]<\/p>\n","protected":false},"author":1,"featured_media":8831,"parent":0,"menu_order":0,"comment_status":"closed","ping_status":"closed","template":"","meta":{"footnotes":""},"class_list":["post-8952","page","type-page","status-publish","has-post-thumbnail","hentry"],"_links":{"self":[{"href":"https:\/\/lycianwayturkey.com\/tr\/wp-json\/wp\/v2\/pages\/8952","targetHints":{"allow":["GET"]}}],"collection":[{"href":"https:\/\/lycianwayturkey.com\/tr\/wp-json\/wp\/v2\/pages"}],"about":[{"href":"https:\/\/lycianwayturkey.com\/tr\/wp-json\/wp\/v2\/types\/page"}],"author":[{"embeddable":true,"href":"https:\/\/lycianwayturkey.com\/tr\/wp-json\/wp\/v2\/users\/1"}],"replies":[{"embeddable":true,"href":"https:\/\/lycianwayturkey.com\/tr\/wp-json\/wp\/v2\/comments?post=8952"}],"version-history":[{"count":0,"href":"https:\/\/lycianwayturkey.com\/tr\/wp-json\/wp\/v2\/pages\/8952\/revisions"}],"wp:featuredmedia":[{"embeddable":true,"href":"https:\/\/lycianwayturkey.com\/tr\/wp-json\/wp\/v2\/media\/8831"}],"wp:attachment":[{"href":"https:\/\/lycianwayturkey.com\/tr\/wp-json\/wp\/v2\/media?parent=8952"}],"curies":[{"name":"wp","href":"https:\/\/api.w.org\/{rel}","templated":true}]}}